{"id":2101,"date":"2022-07-15T14:56:50","date_gmt":"2022-07-15T14:56:50","guid":{"rendered":"https:\/\/sumin-nic.com\/?post_type=product&#038;p=2101"},"modified":"2025-03-18T22:14:32","modified_gmt":"2025-03-18T22:14:32","slug":"pad-mouse-23395-trust-gaming-rgb-gxt-764","status":"publish","type":"product","link":"https:\/\/sumin-nic.com\/?product=pad-mouse-23395-trust-gaming-rgb-gxt-764","title":{"rendered":"PAD MOUSE 23395 TRUST GAMING RGB GXT 764"},"content":{"rendered":"<p>Pad P \/ Mouse de Retroiluminaci\u00f3n LED , base antiderrapante Material Poli\u00e9ster, Caucho Desempe\u00f1o Coloracion de Superficie Monocromo.<\/p>\n","protected":false},"excerpt":{"rendered":"<p>Pad P \/ Mouse de Retroiluminaci\u00f3n LED , base antiderrapante Material Poli\u00e9ster, Caucho Desempe\u00f1o Coloracion de Superficie Monocromo.<\/p>\n","protected":false},"featured_media":2102,"template":"","meta":{"_acf_changed":false},"product_brand":[],"product_cat":[46,50],"product_tag":[],"class_list":{"0":"post-2101","1":"product","2":"type-product","3":"status-publish","4":"has-post-thumbnail","6":"product_cat-accesorios","7":"product_cat-teclados","9":"first","10":"instock","11":"taxable","12":"shipping-taxable","13":"purchasable","14":"product-type-simple"},"acf":[],"_links":{"self":[{"href":"https:\/\/sumin-nic.com\/index.php?rest_route=\/wp\/v2\/product\/2101","targetHints":{"allow":["GET"]}}],"collection":[{"href":"https:\/\/sumin-nic.com\/index.php?rest_route=\/wp\/v2\/product"}],"about":[{"href":"https:\/\/sumin-nic.com\/index.php?rest_route=\/wp\/v2\/types\/product"}],"wp:featuredmedia":[{"embeddable":true,"href":"https:\/\/sumin-nic.com\/index.php?rest_route=\/wp\/v2\/media\/2102"}],"wp:attachment":[{"href":"https:\/\/sumin-nic.com\/index.php?rest_route=%2Fwp%2Fv2%2Fmedia&parent=2101"}],"wp:term":[{"taxonomy":"product_brand","embeddable":true,"href":"https:\/\/sumin-nic.com\/index.php?rest_route=%2Fwp%2Fv2%2Fproduct_brand&post=2101"},{"taxonomy":"product_cat","embeddable":true,"href":"https:\/\/sumin-nic.com\/index.php?rest_route=%2Fwp%2Fv2%2Fproduct_cat&post=2101"},{"taxonomy":"product_tag","embeddable":true,"href":"https:\/\/sumin-nic.com\/index.php?rest_route=%2Fwp%2Fv2%2Fproduct_tag&post=2101"}],"curies":[{"name":"wp","href":"https:\/\/api.w.org\/{rel}","templated":true}]}}