{"id":2121,"date":"2022-07-15T15:32:26","date_gmt":"2022-07-15T15:32:26","guid":{"rendered":"https:\/\/sumin-nic.com\/?post_type=product&#038;p=2121"},"modified":"2025-03-18T21:36:03","modified_gmt":"2025-03-18T21:36:03","slug":"teclado-redragon-k503a-rgb-s-gaming-harpe-pro","status":"publish","type":"product","link":"https:\/\/sumin-nic.com\/?product=teclado-redragon-k503a-rgb-s-gaming-harpe-pro","title":{"rendered":"TECLADO REDRAGON K503A-RGB-S GAMING HARPE PRO"},"content":{"rendered":"<p>Teclado Redragon Gaming para juegos USB ligero, duradero, resistente al agua, ergon\u00f3mico, silencioso &#8211; Teclado gamer con cable para PC reposamu\u00f1eca parte de su carcasa. Keycaps de gran durabilidad ILUMINACI\u00d3N RGB , cuenta con teclas de Bloqueo de WINDOWS.<\/p>\n","protected":false},"excerpt":{"rendered":"<p>Teclado Redragon Gaming para juegos USB ligero, duradero, resistente al agua, ergon\u00f3mico, silencioso &#8211; Teclado gamer con cable para PC reposamu\u00f1eca parte de su carcasa. Keycaps de gran durabilidad ILUMINACI\u00d3N RGB , cuenta con teclas de Bloqueo de WINDOWS.<\/p>\n","protected":false},"featured_media":2122,"template":"","meta":{"_acf_changed":false},"product_brand":[],"product_cat":[46,50],"product_tag":[],"class_list":{"0":"post-2121","1":"product","2":"type-product","3":"status-publish","4":"has-post-thumbnail","6":"product_cat-accesorios","7":"product_cat-teclados","9":"first","10":"instock","11":"taxable","12":"shipping-taxable","13":"purchasable","14":"product-type-simple"},"acf":[],"_links":{"self":[{"href":"https:\/\/sumin-nic.com\/index.php?rest_route=\/wp\/v2\/product\/2121","targetHints":{"allow":["GET"]}}],"collection":[{"href":"https:\/\/sumin-nic.com\/index.php?rest_route=\/wp\/v2\/product"}],"about":[{"href":"https:\/\/sumin-nic.com\/index.php?rest_route=\/wp\/v2\/types\/product"}],"wp:featuredmedia":[{"embeddable":true,"href":"https:\/\/sumin-nic.com\/index.php?rest_route=\/wp\/v2\/media\/2122"}],"wp:attachment":[{"href":"https:\/\/sumin-nic.com\/index.php?rest_route=%2Fwp%2Fv2%2Fmedia&parent=2121"}],"wp:term":[{"taxonomy":"product_brand","embeddable":true,"href":"https:\/\/sumin-nic.com\/index.php?rest_route=%2Fwp%2Fv2%2Fproduct_brand&post=2121"},{"taxonomy":"product_cat","embeddable":true,"href":"https:\/\/sumin-nic.com\/index.php?rest_route=%2Fwp%2Fv2%2Fproduct_cat&post=2121"},{"taxonomy":"product_tag","embeddable":true,"href":"https:\/\/sumin-nic.com\/index.php?rest_route=%2Fwp%2Fv2%2Fproduct_tag&post=2121"}],"curies":[{"name":"wp","href":"https:\/\/api.w.org\/{rel}","templated":true}]}}