{"id":2127,"date":"2022-07-15T15:35:51","date_gmt":"2022-07-15T15:35:51","guid":{"rendered":"https:\/\/sumin-nic.com\/?post_type=product&#038;p=2127"},"modified":"2025-03-18T21:35:27","modified_gmt":"2025-03-18T21:35:27","slug":"teclado-redragon-k552-kr-sp-gaming-kumara-usb","status":"publish","type":"product","link":"https:\/\/sumin-nic.com\/?product=teclado-redragon-k552-kr-sp-gaming-kumara-usb","title":{"rendered":"TECLADO REDRAGON K552-KR-SP GAMING KUMARA USB"},"content":{"rendered":"<p>Teclado Redragon Gaming kumara Interfaz: Cable USB.,Switch: Outemu Red, t\u00e1ctil sin click audible, fuerza de actuaci\u00f3n 50 gr,Tipo de cable: Goma reforzado , Iluminaci\u00f3n: Rainbow<\/p>\n<p>&nbsp;<\/p>\n","protected":false},"excerpt":{"rendered":"<p>Teclado Redragon Gaming kumara Interfaz: Cable USB.,Switch: Outemu Red, t\u00e1ctil sin click audible, fuerza de actuaci\u00f3n 50 gr,Tipo de cable: Goma reforzado , Iluminaci\u00f3n: Rainbow &nbsp;<\/p>\n","protected":false},"featured_media":2128,"template":"","meta":{"_acf_changed":false},"product_brand":[],"product_cat":[46,50],"product_tag":[],"class_list":{"0":"post-2127","1":"product","2":"type-product","3":"status-publish","4":"has-post-thumbnail","6":"product_cat-accesorios","7":"product_cat-teclados","9":"first","10":"instock","11":"taxable","12":"shipping-taxable","13":"purchasable","14":"product-type-simple"},"acf":[],"_links":{"self":[{"href":"https:\/\/sumin-nic.com\/index.php?rest_route=\/wp\/v2\/product\/2127","targetHints":{"allow":["GET"]}}],"collection":[{"href":"https:\/\/sumin-nic.com\/index.php?rest_route=\/wp\/v2\/product"}],"about":[{"href":"https:\/\/sumin-nic.com\/index.php?rest_route=\/wp\/v2\/types\/product"}],"wp:featuredmedia":[{"embeddable":true,"href":"https:\/\/sumin-nic.com\/index.php?rest_route=\/wp\/v2\/media\/2128"}],"wp:attachment":[{"href":"https:\/\/sumin-nic.com\/index.php?rest_route=%2Fwp%2Fv2%2Fmedia&parent=2127"}],"wp:term":[{"taxonomy":"product_brand","embeddable":true,"href":"https:\/\/sumin-nic.com\/index.php?rest_route=%2Fwp%2Fv2%2Fproduct_brand&post=2127"},{"taxonomy":"product_cat","embeddable":true,"href":"https:\/\/sumin-nic.com\/index.php?rest_route=%2Fwp%2Fv2%2Fproduct_cat&post=2127"},{"taxonomy":"product_tag","embeddable":true,"href":"https:\/\/sumin-nic.com\/index.php?rest_route=%2Fwp%2Fv2%2Fproduct_tag&post=2127"}],"curies":[{"name":"wp","href":"https:\/\/api.w.org\/{rel}","templated":true}]}}