{"id":2133,"date":"2022-07-15T15:41:51","date_gmt":"2022-07-15T15:41:51","guid":{"rendered":"https:\/\/sumin-nic.com\/?post_type=product&#038;p=2133"},"modified":"2025-03-18T21:34:42","modified_gmt":"2025-03-18T21:34:42","slug":"teclado-trust-24098-gaming-rainbow-usb-luz-le","status":"publish","type":"product","link":"https:\/\/sumin-nic.com\/?product=teclado-trust-24098-gaming-rainbow-usb-luz-le","title":{"rendered":"TECLADO TRUST 24098 GAMING RAINBOW USB LUZ LE"},"content":{"rendered":"<p>Teclado Trust Gaming Rainbow LED Al\u00e1mbrico Dise\u00f1o contra derrames de l\u00edquidos Compatible con laptops, PC y consolas teclado ideal para juegos Gaming<\/p>\n","protected":false},"excerpt":{"rendered":"<p>Teclado Trust Gaming Rainbow LED Al\u00e1mbrico Dise\u00f1o contra derrames de l\u00edquidos Compatible con laptops, PC y consolas teclado ideal para juegos Gaming<\/p>\n","protected":false},"featured_media":2134,"template":"","meta":{"_acf_changed":false},"product_brand":[],"product_cat":[46,50],"product_tag":[],"class_list":{"0":"post-2133","1":"product","2":"type-product","3":"status-publish","4":"has-post-thumbnail","6":"product_cat-accesorios","7":"product_cat-teclados","9":"first","10":"instock","11":"taxable","12":"shipping-taxable","13":"purchasable","14":"product-type-simple"},"acf":[],"_links":{"self":[{"href":"https:\/\/sumin-nic.com\/index.php?rest_route=\/wp\/v2\/product\/2133","targetHints":{"allow":["GET"]}}],"collection":[{"href":"https:\/\/sumin-nic.com\/index.php?rest_route=\/wp\/v2\/product"}],"about":[{"href":"https:\/\/sumin-nic.com\/index.php?rest_route=\/wp\/v2\/types\/product"}],"wp:featuredmedia":[{"embeddable":true,"href":"https:\/\/sumin-nic.com\/index.php?rest_route=\/wp\/v2\/media\/2134"}],"wp:attachment":[{"href":"https:\/\/sumin-nic.com\/index.php?rest_route=%2Fwp%2Fv2%2Fmedia&parent=2133"}],"wp:term":[{"taxonomy":"product_brand","embeddable":true,"href":"https:\/\/sumin-nic.com\/index.php?rest_route=%2Fwp%2Fv2%2Fproduct_brand&post=2133"},{"taxonomy":"product_cat","embeddable":true,"href":"https:\/\/sumin-nic.com\/index.php?rest_route=%2Fwp%2Fv2%2Fproduct_cat&post=2133"},{"taxonomy":"product_tag","embeddable":true,"href":"https:\/\/sumin-nic.com\/index.php?rest_route=%2Fwp%2Fv2%2Fproduct_tag&post=2133"}],"curies":[{"name":"wp","href":"https:\/\/api.w.org\/{rel}","templated":true}]}}