{"id":2139,"date":"2022-07-15T15:45:09","date_gmt":"2022-07-15T15:45:09","guid":{"rendered":"https:\/\/sumin-nic.com\/?post_type=product&#038;p=2139"},"modified":"2025-03-18T21:34:00","modified_gmt":"2025-03-18T21:34:00","slug":"tecladomouse-23972-trust-primo-usb-espanol","status":"publish","type":"product","link":"https:\/\/sumin-nic.com\/?product=tecladomouse-23972-trust-primo-usb-espanol","title":{"rendered":"TECLADO+MOUSE 23972 TRUST PRIMO USB ESPA\u00d1OL"},"content":{"rendered":"<p>Combo de teclado + Maouse Trust resultar c\u00f3modo Silencioso para trabajo en oficina , teclado de tama\u00f1o Completo , productividad optima cable de1, 8 M longitud<\/p>\n","protected":false},"excerpt":{"rendered":"<p>Combo de teclado + Maouse Trust resultar c\u00f3modo Silencioso para trabajo en oficina , teclado de tama\u00f1o Completo , productividad optima cable de1, 8 M longitud<\/p>\n","protected":false},"featured_media":2140,"template":"","meta":{"_acf_changed":false},"product_brand":[],"product_cat":[46,56,50],"product_tag":[],"class_list":{"0":"post-2139","1":"product","2":"type-product","3":"status-publish","4":"has-post-thumbnail","6":"product_cat-accesorios","7":"product_cat-mouse","8":"product_cat-teclados","10":"first","11":"instock","12":"taxable","13":"shipping-taxable","14":"purchasable","15":"product-type-simple"},"acf":[],"_links":{"self":[{"href":"https:\/\/sumin-nic.com\/index.php?rest_route=\/wp\/v2\/product\/2139","targetHints":{"allow":["GET"]}}],"collection":[{"href":"https:\/\/sumin-nic.com\/index.php?rest_route=\/wp\/v2\/product"}],"about":[{"href":"https:\/\/sumin-nic.com\/index.php?rest_route=\/wp\/v2\/types\/product"}],"wp:featuredmedia":[{"embeddable":true,"href":"https:\/\/sumin-nic.com\/index.php?rest_route=\/wp\/v2\/media\/2140"}],"wp:attachment":[{"href":"https:\/\/sumin-nic.com\/index.php?rest_route=%2Fwp%2Fv2%2Fmedia&parent=2139"}],"wp:term":[{"taxonomy":"product_brand","embeddable":true,"href":"https:\/\/sumin-nic.com\/index.php?rest_route=%2Fwp%2Fv2%2Fproduct_brand&post=2139"},{"taxonomy":"product_cat","embeddable":true,"href":"https:\/\/sumin-nic.com\/index.php?rest_route=%2Fwp%2Fv2%2Fproduct_cat&post=2139"},{"taxonomy":"product_tag","embeddable":true,"href":"https:\/\/sumin-nic.com\/index.php?rest_route=%2Fwp%2Fv2%2Fproduct_tag&post=2139"}],"curies":[{"name":"wp","href":"https:\/\/api.w.org\/{rel}","templated":true}]}}