{"id":2565,"date":"2022-11-08T16:44:00","date_gmt":"2022-11-08T16:44:00","guid":{"rendered":"https:\/\/sumin-nic.com\/?post_type=product&#038;p=2565"},"modified":"2025-03-18T21:02:37","modified_gmt":"2025-03-18T21:02:37","slug":"camara-web-microsoft-8l5-00001","status":"publish","type":"product","link":"https:\/\/sumin-nic.com\/?product=camara-web-microsoft-8l5-00001","title":{"rendered":"CAMARA WEB MICROSOFT 8L5-00001"},"content":{"rendered":"<p>Dimensiones<br \/>\nLongitud: 50.53 mm (1.99&#8242;)<br \/>\nAncho: 36.05 mm (1.42&#8242;)<br \/>\nProfundidad: 74.58 mm (2.94&#8242;)<br \/>\nPeso<br \/>\n88.3 g (0.21 lb)<\/p>\n<p>Exterior<br \/>\nVentana frontal: cristal, negro pulido<br \/>\nMontaje en tr\u00edpode: cobre, plata brillante<br \/>\nOtros componentes: pl\u00e1stico, TPE, goma, negro mate<br \/>\nDetalles de video<br \/>\nSalida de video de hasta 1080p 30fps<br \/>\nHDR<br \/>\nExposici\u00f3n autom\u00e1tica<br \/>\nBalance de blancos autom\u00e1tico<br \/>\nAntiparpadeo autom\u00e1tico<br \/>\nAmplio campo de visi\u00f3n de 78\u00b0<\/p>\n","protected":false},"excerpt":{"rendered":"<p>Dimensiones Longitud: 50.53 mm (1.99&#8242;) Ancho: 36.05 mm (1.42&#8242;) Profundidad: 74.58 mm (2.94&#8242;) Peso 88.3 g (0.21 lb) Exterior Ventana frontal: cristal, negro pulido Montaje en tr\u00edpode: cobre, plata brillante Otros componentes: pl\u00e1stico, TPE, goma, negro mate Detalles de video Salida de video de hasta 1080p 30fps HDR Exposici\u00f3n autom\u00e1tica Balance de blancos autom\u00e1tico Antiparpadeo [&hellip;]<\/p>\n","protected":false},"featured_media":2566,"template":"","meta":{"_acf_changed":false},"product_brand":[],"product_cat":[46,48],"product_tag":[],"class_list":{"0":"post-2565","1":"product","2":"type-product","3":"status-publish","4":"has-post-thumbnail","6":"product_cat-accesorios","7":"product_cat-varios","9":"first","10":"instock","11":"taxable","12":"shipping-taxable","13":"purchasable","14":"product-type-simple"},"acf":[],"_links":{"self":[{"href":"https:\/\/sumin-nic.com\/index.php?rest_route=\/wp\/v2\/product\/2565","targetHints":{"allow":["GET"]}}],"collection":[{"href":"https:\/\/sumin-nic.com\/index.php?rest_route=\/wp\/v2\/product"}],"about":[{"href":"https:\/\/sumin-nic.com\/index.php?rest_route=\/wp\/v2\/types\/product"}],"wp:featuredmedia":[{"embeddable":true,"href":"https:\/\/sumin-nic.com\/index.php?rest_route=\/wp\/v2\/media\/2566"}],"wp:attachment":[{"href":"https:\/\/sumin-nic.com\/index.php?rest_route=%2Fwp%2Fv2%2Fmedia&parent=2565"}],"wp:term":[{"taxonomy":"product_brand","embeddable":true,"href":"https:\/\/sumin-nic.com\/index.php?rest_route=%2Fwp%2Fv2%2Fproduct_brand&post=2565"},{"taxonomy":"product_cat","embeddable":true,"href":"https:\/\/sumin-nic.com\/index.php?rest_route=%2Fwp%2Fv2%2Fproduct_cat&post=2565"},{"taxonomy":"product_tag","embeddable":true,"href":"https:\/\/sumin-nic.com\/index.php?rest_route=%2Fwp%2Fv2%2Fproduct_tag&post=2565"}],"curies":[{"name":"wp","href":"https:\/\/api.w.org\/{rel}","templated":true}]}}