{"id":2870,"date":"2024-04-08T23:44:30","date_gmt":"2024-04-08T23:44:30","guid":{"rendered":"https:\/\/sumin-nic.com\/?post_type=product&#038;p=2870"},"modified":"2025-03-18T18:29:00","modified_gmt":"2025-03-18T18:29:00","slug":"cajon-monedero-sat-119x-ng","status":"publish","type":"product","link":"https:\/\/sumin-nic.com\/?product=cajon-monedero-sat-119x-ng","title":{"rendered":"CAJON MONEDERO SAT 119X NG"},"content":{"rendered":"<p>&#8211; Caj\u00f3n monedero fabricado con estructura de metal, suave operaci\u00f3n y apto para gran almacenamiento de dinero.<br \/>\n&#8211; Cuenta con 5 compartimientos para billetes y 8 para monedas. -Interfaz de comunicaci\u00f3n RJ11.<br \/>\n&#8211; Bandeja pl\u00e1stico de alta resistencia modular totalmente extra\u00edble.<\/p>\n","protected":false},"excerpt":{"rendered":"<p>&#8211; Caj\u00f3n monedero fabricado con estructura de metal, suave operaci\u00f3n y apto para gran almacenamiento de dinero. &#8211; Cuenta con 5 compartimientos para billetes y 8 para monedas. -Interfaz de comunicaci\u00f3n RJ11. &#8211; Bandeja pl\u00e1stico de alta resistencia modular totalmente extra\u00edble.<\/p>\n","protected":false},"featured_media":2871,"template":"","meta":{"_acf_changed":false},"product_brand":[],"product_cat":[46,48],"product_tag":[],"class_list":{"0":"post-2870","1":"product","2":"type-product","3":"status-publish","4":"has-post-thumbnail","6":"product_cat-accesorios","7":"product_cat-varios","9":"first","10":"instock","11":"taxable","12":"shipping-taxable","13":"purchasable","14":"product-type-simple"},"acf":[],"_links":{"self":[{"href":"https:\/\/sumin-nic.com\/index.php?rest_route=\/wp\/v2\/product\/2870","targetHints":{"allow":["GET"]}}],"collection":[{"href":"https:\/\/sumin-nic.com\/index.php?rest_route=\/wp\/v2\/product"}],"about":[{"href":"https:\/\/sumin-nic.com\/index.php?rest_route=\/wp\/v2\/types\/product"}],"wp:featuredmedia":[{"embeddable":true,"href":"https:\/\/sumin-nic.com\/index.php?rest_route=\/wp\/v2\/media\/2871"}],"wp:attachment":[{"href":"https:\/\/sumin-nic.com\/index.php?rest_route=%2Fwp%2Fv2%2Fmedia&parent=2870"}],"wp:term":[{"taxonomy":"product_brand","embeddable":true,"href":"https:\/\/sumin-nic.com\/index.php?rest_route=%2Fwp%2Fv2%2Fproduct_brand&post=2870"},{"taxonomy":"product_cat","embeddable":true,"href":"https:\/\/sumin-nic.com\/index.php?rest_route=%2Fwp%2Fv2%2Fproduct_cat&post=2870"},{"taxonomy":"product_tag","embeddable":true,"href":"https:\/\/sumin-nic.com\/index.php?rest_route=%2Fwp%2Fv2%2Fproduct_tag&post=2870"}],"curies":[{"name":"wp","href":"https:\/\/api.w.org\/{rel}","templated":true}]}}