{"id":3124,"date":"2025-11-11T17:09:58","date_gmt":"2025-11-11T17:09:58","guid":{"rendered":"https:\/\/sumin-nic.com\/?post_type=product&#038;p=3124"},"modified":"2025-11-11T17:10:28","modified_gmt":"2025-11-11T17:10:28","slug":"impresora-termica-sat-38t-use","status":"publish","type":"product","link":"https:\/\/sumin-nic.com\/?product=impresora-termica-sat-38t-use","title":{"rendered":"Impresora Termica SAT 38T USE"},"content":{"rendered":"<p>Tecnolog\u00eda de impresi\u00f3n: T\u00e9rmica directa para eliminar la necesidad de tinta o t\u00f3ner.<\/p>\n<p>Velocidad de impresi\u00f3n: Hasta 300 mm\/s para transacciones r\u00e1pidas.<\/p>\n<p>Resoluci\u00f3n: Alta calidad de impresi\u00f3n a 203 DPI.<\/p>\n<p>Compatibilidad de papel: Anchos de 58 mm y 80 mm, ideal para diversas aplicaciones.<\/p>\n<p>Durabilidad comprobada: Cabezal de impresi\u00f3n con una vida \u00fatil de 150 km y autocortador para 2.000.000 de cortes.<\/p>\n<p>Corte eficiente: Opciones de corte total o parcial seg\u00fan necesidades.<\/p>\n<p>Conectividad avanzada: Interfaz USB, Serial y Ethernet.<\/p>\n<p>Sensores inteligentes: Detecta encendido, estado del papel y errores autom\u00e1ticamente.<\/p>\n<p>Certificaci\u00f3n Energy Star: Garantiza eficiencia energ\u00e9tica y reducci\u00f3n de costos operativos.<\/p>\n<p>Memoria ampliada: 16 MB de flash y 32 MB de RAM.<\/p>\n<p>Compatibilidad de controladores: Soporte para Windows y Linux.<\/p>\n<p>Dise\u00f1o robusto: Di\u00e1metro m\u00e1ximo de rollo de papel de 83 mm para mayor autonom\u00eda.<\/p>\n","protected":false},"excerpt":{"rendered":"<p>Tecnolog\u00eda de impresi\u00f3n: T\u00e9rmica directa para eliminar la necesidad de tinta o t\u00f3ner. Velocidad de impresi\u00f3n: Hasta 300 mm\/s para transacciones r\u00e1pidas. Resoluci\u00f3n: Alta calidad de impresi\u00f3n a 203 DPI. Compatibilidad de papel: Anchos de 58 mm y 80 mm, ideal para diversas aplicaciones. Durabilidad comprobada: Cabezal de impresi\u00f3n con una vida \u00fatil de 150 [&hellip;]<\/p>\n","protected":false},"featured_media":3125,"template":"","meta":{"_acf_changed":false},"product_brand":[],"product_cat":[72,73],"product_tag":[],"class_list":{"0":"post-3124","1":"product","2":"type-product","3":"status-publish","4":"has-post-thumbnail","6":"product_cat-equipos-de-impresiones","7":"product_cat-impresoras","9":"first","10":"instock","11":"taxable","12":"shipping-taxable","13":"purchasable","14":"product-type-simple"},"acf":[],"_links":{"self":[{"href":"https:\/\/sumin-nic.com\/index.php?rest_route=\/wp\/v2\/product\/3124","targetHints":{"allow":["GET"]}}],"collection":[{"href":"https:\/\/sumin-nic.com\/index.php?rest_route=\/wp\/v2\/product"}],"about":[{"href":"https:\/\/sumin-nic.com\/index.php?rest_route=\/wp\/v2\/types\/product"}],"wp:featuredmedia":[{"embeddable":true,"href":"https:\/\/sumin-nic.com\/index.php?rest_route=\/wp\/v2\/media\/3125"}],"wp:attachment":[{"href":"https:\/\/sumin-nic.com\/index.php?rest_route=%2Fwp%2Fv2%2Fmedia&parent=3124"}],"wp:term":[{"taxonomy":"product_brand","embeddable":true,"href":"https:\/\/sumin-nic.com\/index.php?rest_route=%2Fwp%2Fv2%2Fproduct_brand&post=3124"},{"taxonomy":"product_cat","embeddable":true,"href":"https:\/\/sumin-nic.com\/index.php?rest_route=%2Fwp%2Fv2%2Fproduct_cat&post=3124"},{"taxonomy":"product_tag","embeddable":true,"href":"https:\/\/sumin-nic.com\/index.php?rest_route=%2Fwp%2Fv2%2Fproduct_tag&post=3124"}],"curies":[{"name":"wp","href":"https:\/\/api.w.org\/{rel}","templated":true}]}}