{"id":3183,"date":"2026-02-24T18:02:44","date_gmt":"2026-02-24T18:02:44","guid":{"rendered":"https:\/\/sumin-nic.com\/?post_type=product&#038;p=3183"},"modified":"2026-03-03T17:54:34","modified_gmt":"2026-03-03T17:54:34","slug":"reloj-cubitt-viva-pro-2-rosado-ct-vivap2-5","status":"publish","type":"product","link":"https:\/\/sumin-nic.com\/?product=reloj-cubitt-viva-pro-2-rosado-ct-vivap2-5","title":{"rendered":"RELOJ CUBITT VIVA PRO 2 ROSADO CT-VIVAP2-5"},"content":{"rendered":"<p>Est\u00e1 hecho para todo, desde entrenamientos diarios hasta aventuras al aire libre. Con GPS integrado, navegaci\u00f3n de rutas, mapas offline, bar\u00f3metro y br\u00fajula, tendr\u00e1s precisi\u00f3n en cada movimiento.<\/p>\n<p>Caracter\u00edsticas:<br \/>\n&#8211;\tPantalla AMOLED HD de 1.85&#8243; con brillo autom\u00e1tico.<br \/>\n&#8211;\tGPS integrado con navegaci\u00f3n de rutas, mapas offline, br\u00fajula y bar\u00f3metro.<br \/>\n&#8211;\tVITA AI Assistant con control por voz manos libres.<br \/>\n&#8211;\tEntrenador Inteligente (AI Coach) y Readiness Score para entrenamiento personalizado.<br \/>\n&#8211;\tHealth Snap: medici\u00f3n de FC, HRV, estr\u00e9s y SpO2 en 90 segundos.<br \/>\n&#8211;\tM\u00e1s de 100 modos deportivos, incluido monitoreo avanzado de nataci\u00f3n.<br \/>\n&#8211;\tAn\u00e1lisis avanzado del sue\u00f1o con Puntuaci\u00f3n de Sue\u00f1o.<br \/>\n&#8211;\tMonitoreo 24\/7 de frecuencia card\u00edaca, SpO2, estr\u00e9s, VO2 Max, sue\u00f1o y temperatura corporal.<br \/>\n&#8211;\tLlamadas por Bluetooth y notificaciones inteligentes.<br \/>\n&#8211;\tReproducci\u00f3n de m\u00fasica sin conexi\u00f3n con conexi\u00f3n directa a aud\u00edfonos TWS.<br \/>\n&#8211;\tResistencia al agua 5ATM.<br \/>\n&#8211;\tBater\u00eda de larga duraci\u00f3n: hasta 10 d\u00edas (seg\u00fan uso).<br \/>\n&#8211;\tFunciones adicionales: clima, calendario, notas de voz y respuestas r\u00e1pidas (Android).<\/p>\n","protected":false},"excerpt":{"rendered":"<p>Est\u00e1 hecho para todo, desde entrenamientos diarios hasta aventuras al aire libre. Con GPS integrado, navegaci\u00f3n de rutas, mapas offline, bar\u00f3metro y br\u00fajula, tendr\u00e1s precisi\u00f3n en cada movimiento. Caracter\u00edsticas: &#8211; Pantalla AMOLED HD de 1.85&#8243; con brillo autom\u00e1tico. &#8211; GPS integrado con navegaci\u00f3n de rutas, mapas offline, br\u00fajula y bar\u00f3metro. &#8211; VITA AI Assistant con [&hellip;]<\/p>\n","protected":false},"featured_media":3184,"template":"","meta":{"_acf_changed":false},"product_brand":[],"product_cat":[46,48],"product_tag":[],"class_list":{"0":"post-3183","1":"product","2":"type-product","3":"status-publish","4":"has-post-thumbnail","6":"product_cat-accesorios","7":"product_cat-varios","9":"first","10":"instock","11":"taxable","12":"shipping-taxable","13":"purchasable","14":"product-type-simple"},"acf":[],"_links":{"self":[{"href":"https:\/\/sumin-nic.com\/index.php?rest_route=\/wp\/v2\/product\/3183","targetHints":{"allow":["GET"]}}],"collection":[{"href":"https:\/\/sumin-nic.com\/index.php?rest_route=\/wp\/v2\/product"}],"about":[{"href":"https:\/\/sumin-nic.com\/index.php?rest_route=\/wp\/v2\/types\/product"}],"wp:featuredmedia":[{"embeddable":true,"href":"https:\/\/sumin-nic.com\/index.php?rest_route=\/wp\/v2\/media\/3184"}],"wp:attachment":[{"href":"https:\/\/sumin-nic.com\/index.php?rest_route=%2Fwp%2Fv2%2Fmedia&parent=3183"}],"wp:term":[{"taxonomy":"product_brand","embeddable":true,"href":"https:\/\/sumin-nic.com\/index.php?rest_route=%2Fwp%2Fv2%2Fproduct_brand&post=3183"},{"taxonomy":"product_cat","embeddable":true,"href":"https:\/\/sumin-nic.com\/index.php?rest_route=%2Fwp%2Fv2%2Fproduct_cat&post=3183"},{"taxonomy":"product_tag","embeddable":true,"href":"https:\/\/sumin-nic.com\/index.php?rest_route=%2Fwp%2Fv2%2Fproduct_tag&post=3183"}],"curies":[{"name":"wp","href":"https:\/\/api.w.org\/{rel}","templated":true}]}}