{"id":3246,"date":"2026-03-18T17:26:34","date_gmt":"2026-03-18T17:26:34","guid":{"rendered":"https:\/\/sumin-nic.com\/?post_type=product&#038;p=3246"},"modified":"2026-03-18T17:26:53","modified_gmt":"2026-03-18T17:26:53","slug":"smart-watch-cubitt-terra-ct-terra7","status":"publish","type":"product","link":"https:\/\/sumin-nic.com\/?product=smart-watch-cubitt-terra-ct-terra7","title":{"rendered":"SMART WATCH CUBITT TERRA CT-TERRA7"},"content":{"rendered":"<p>Caracter\u00edstica<\/p>\n<p>Resistente y listo para la aventura: construido para manejar condiciones extremas con resistencia al calor, fr\u00edo, golpes y uso diario, perfecto para la exploraci\u00f3n al aire libre.<br \/>\nGPS de doble banda (L1 + L5) con mapas y br\u00fajula sin conexi\u00f3n: soporta 5 sistemas GNSS (GPS, BDS, GLONASS, GALILEO, QZSS) para una precisi\u00f3n inigualable en entornos urbanos y remotos.<br \/>\nPantalla AMOLED ultrabrillante de 1.48 pulgadas y brillo autom\u00e1tico con color verdadero de 24 bits (~ 16.7 millones de colores). El brillo autom\u00e1tico se adapta a cualquier luz, ofreciendo gradientes suaves y im\u00e1genes realistas.<br \/>\nRendimiento y conectividad: la bater\u00eda de 530 mAh ofrece hasta 14 d\u00edas de uso t\u00edpico o 26 horas con GPS; llamadas Bluetooth 5.3, notificaciones inteligentes, m\u00fasica sin conexi\u00f3n con conexi\u00f3n TWS directa y linterna integrada.<\/p>\n","protected":false},"excerpt":{"rendered":"<p>Caracter\u00edstica Resistente y listo para la aventura: construido para manejar condiciones extremas con resistencia al calor, fr\u00edo, golpes y uso diario, perfecto para la exploraci\u00f3n al aire libre. GPS de doble banda (L1 + L5) con mapas y br\u00fajula sin conexi\u00f3n: soporta 5 sistemas GNSS (GPS, BDS, GLONASS, GALILEO, QZSS) para una precisi\u00f3n inigualable en [&hellip;]<\/p>\n","protected":false},"featured_media":3247,"template":"","meta":{"_acf_changed":false},"product_brand":[],"product_cat":[46,48],"product_tag":[],"class_list":{"0":"post-3246","1":"product","2":"type-product","3":"status-publish","4":"has-post-thumbnail","6":"product_cat-accesorios","7":"product_cat-varios","9":"first","10":"instock","11":"taxable","12":"shipping-taxable","13":"purchasable","14":"product-type-simple"},"acf":[],"_links":{"self":[{"href":"https:\/\/sumin-nic.com\/index.php?rest_route=\/wp\/v2\/product\/3246","targetHints":{"allow":["GET"]}}],"collection":[{"href":"https:\/\/sumin-nic.com\/index.php?rest_route=\/wp\/v2\/product"}],"about":[{"href":"https:\/\/sumin-nic.com\/index.php?rest_route=\/wp\/v2\/types\/product"}],"wp:featuredmedia":[{"embeddable":true,"href":"https:\/\/sumin-nic.com\/index.php?rest_route=\/wp\/v2\/media\/3247"}],"wp:attachment":[{"href":"https:\/\/sumin-nic.com\/index.php?rest_route=%2Fwp%2Fv2%2Fmedia&parent=3246"}],"wp:term":[{"taxonomy":"product_brand","embeddable":true,"href":"https:\/\/sumin-nic.com\/index.php?rest_route=%2Fwp%2Fv2%2Fproduct_brand&post=3246"},{"taxonomy":"product_cat","embeddable":true,"href":"https:\/\/sumin-nic.com\/index.php?rest_route=%2Fwp%2Fv2%2Fproduct_cat&post=3246"},{"taxonomy":"product_tag","embeddable":true,"href":"https:\/\/sumin-nic.com\/index.php?rest_route=%2Fwp%2Fv2%2Fproduct_tag&post=3246"}],"curies":[{"name":"wp","href":"https:\/\/api.w.org\/{rel}","templated":true}]}}