{"id":3260,"date":"2026-04-18T15:24:05","date_gmt":"2026-04-18T15:24:05","guid":{"rendered":"https:\/\/sumin-nic.com\/?post_type=product&#038;p=3260"},"modified":"2026-04-18T15:24:06","modified_gmt":"2026-04-18T15:24:06","slug":"aio-lenovo-i3-n305-8gb-512gb-23-8-wh-f0j6002","status":"publish","type":"product","link":"https:\/\/sumin-nic.com\/?product=aio-lenovo-i3-n305-8gb-512gb-23-8-wh-f0j6002","title":{"rendered":"AIO LENOVO I3-N305\/8GB\/512GB\/23.8&#8243; WH F0J6002"},"content":{"rendered":"<p>compacto, elegante y funcional, el dise\u00f1o unibody que ahorra espacio con pantalla FHD de 23.8 pulgadas y bordes ultrafinos se adapta perfectamente a cualquier hogar moderno.cuatro puertos USB-A, salida HDMI y Wi-Fi 6 proporcionan conectividad flexible para trabajar y jugar. Con Bluetooth 5.2, puedes conectar tus dispositivos en poco tiempo.<br \/>\nSupera las tareas diarias sin esfuerzo con el procesador Intel N100 y hasta 16 GB de memoria. La c\u00e1mara web opcional de 5 MP con micr\u00f3fono dual garantiza videollamadas n\u00edtidas.<\/p>\n","protected":false},"excerpt":{"rendered":"<p>compacto, elegante y funcional, el dise\u00f1o unibody que ahorra espacio con pantalla FHD de 23.8 pulgadas y bordes ultrafinos se adapta perfectamente a cualquier hogar moderno.cuatro puertos USB-A, salida HDMI y Wi-Fi 6 proporcionan conectividad flexible para trabajar y jugar. Con Bluetooth 5.2, puedes conectar tus dispositivos en poco tiempo. Supera las tareas diarias sin [&hellip;]<\/p>\n","protected":false},"featured_media":3261,"template":"","meta":{"_acf_changed":false},"product_brand":[],"product_cat":[69,71],"product_tag":[],"class_list":{"0":"post-3260","1":"product","2":"type-product","3":"status-publish","4":"has-post-thumbnail","6":"product_cat-computadoras","7":"product_cat-desktop","9":"first","10":"instock","11":"taxable","12":"shipping-taxable","13":"purchasable","14":"product-type-simple"},"acf":[],"_links":{"self":[{"href":"https:\/\/sumin-nic.com\/index.php?rest_route=\/wp\/v2\/product\/3260","targetHints":{"allow":["GET"]}}],"collection":[{"href":"https:\/\/sumin-nic.com\/index.php?rest_route=\/wp\/v2\/product"}],"about":[{"href":"https:\/\/sumin-nic.com\/index.php?rest_route=\/wp\/v2\/types\/product"}],"wp:featuredmedia":[{"embeddable":true,"href":"https:\/\/sumin-nic.com\/index.php?rest_route=\/wp\/v2\/media\/3261"}],"wp:attachment":[{"href":"https:\/\/sumin-nic.com\/index.php?rest_route=%2Fwp%2Fv2%2Fmedia&parent=3260"}],"wp:term":[{"taxonomy":"product_brand","embeddable":true,"href":"https:\/\/sumin-nic.com\/index.php?rest_route=%2Fwp%2Fv2%2Fproduct_brand&post=3260"},{"taxonomy":"product_cat","embeddable":true,"href":"https:\/\/sumin-nic.com\/index.php?rest_route=%2Fwp%2Fv2%2Fproduct_cat&post=3260"},{"taxonomy":"product_tag","embeddable":true,"href":"https:\/\/sumin-nic.com\/index.php?rest_route=%2Fwp%2Fv2%2Fproduct_tag&post=3260"}],"curies":[{"name":"wp","href":"https:\/\/api.w.org\/{rel}","templated":true}]}}