{"id":3264,"date":"2026-04-18T16:09:36","date_gmt":"2026-04-18T16:09:36","guid":{"rendered":"https:\/\/sumin-nic.com\/?post_type=product&#038;p=3264"},"modified":"2026-04-18T16:09:36","modified_gmt":"2026-04-18T16:09:36","slug":"mouse-logitech-m100-910-001601","status":"publish","type":"product","link":"https:\/\/sumin-nic.com\/?product=mouse-logitech-m100-910-001601","title":{"rendered":"MOUSE LOGITECH M100 910-001601"},"content":{"rendered":"<p>M100 con cable es el mouse de tama\u00f1o normal para uso ambidiestro, listo para lo que t\u00fa quieras. Solo conecta el cable en el puerto USB y al instante estar\u00e1s usando un rat\u00f3n que sencillamente funciona.<\/p>\n","protected":false},"excerpt":{"rendered":"<p>M100 con cable es el mouse de tama\u00f1o normal para uso ambidiestro, listo para lo que t\u00fa quieras. Solo conecta el cable en el puerto USB y al instante estar\u00e1s usando un rat\u00f3n que sencillamente funciona.<\/p>\n","protected":false},"featured_media":3265,"template":"","meta":{"_acf_changed":false},"product_brand":[],"product_cat":[46,56],"product_tag":[],"class_list":{"0":"post-3264","1":"product","2":"type-product","3":"status-publish","4":"has-post-thumbnail","6":"product_cat-accesorios","7":"product_cat-mouse","9":"first","10":"instock","11":"taxable","12":"shipping-taxable","13":"purchasable","14":"product-type-simple"},"acf":[],"_links":{"self":[{"href":"https:\/\/sumin-nic.com\/index.php?rest_route=\/wp\/v2\/product\/3264","targetHints":{"allow":["GET"]}}],"collection":[{"href":"https:\/\/sumin-nic.com\/index.php?rest_route=\/wp\/v2\/product"}],"about":[{"href":"https:\/\/sumin-nic.com\/index.php?rest_route=\/wp\/v2\/types\/product"}],"wp:featuredmedia":[{"embeddable":true,"href":"https:\/\/sumin-nic.com\/index.php?rest_route=\/wp\/v2\/media\/3265"}],"wp:attachment":[{"href":"https:\/\/sumin-nic.com\/index.php?rest_route=%2Fwp%2Fv2%2Fmedia&parent=3264"}],"wp:term":[{"taxonomy":"product_brand","embeddable":true,"href":"https:\/\/sumin-nic.com\/index.php?rest_route=%2Fwp%2Fv2%2Fproduct_brand&post=3264"},{"taxonomy":"product_cat","embeddable":true,"href":"https:\/\/sumin-nic.com\/index.php?rest_route=%2Fwp%2Fv2%2Fproduct_cat&post=3264"},{"taxonomy":"product_tag","embeddable":true,"href":"https:\/\/sumin-nic.com\/index.php?rest_route=%2Fwp%2Fv2%2Fproduct_tag&post=3264"}],"curies":[{"name":"wp","href":"https:\/\/api.w.org\/{rel}","templated":true}]}}