{"id":3268,"date":"2026-04-18T16:24:07","date_gmt":"2026-04-18T16:24:07","guid":{"rendered":"https:\/\/sumin-nic.com\/?post_type=product&#038;p=3268"},"modified":"2026-04-18T16:24:21","modified_gmt":"2026-04-18T16:24:21","slug":"teclado-usb-logitech-k120-920-004422","status":"publish","type":"product","link":"https:\/\/sumin-nic.com\/?product=teclado-usb-logitech-k120-920-004422","title":{"rendered":"TECLADO USB LOGITECH K120 920-004422"},"content":{"rendered":"<p>K120 es confiable y duradero, dotado de una secci\u00f3n num\u00e9rica y un dise\u00f1o que facilita el uso desde el principio. S\u00f3lo hay que conectar este teclado con cable a una toma USB para empezar a usarlo.<\/p>\n","protected":false},"excerpt":{"rendered":"<p>K120 es confiable y duradero, dotado de una secci\u00f3n num\u00e9rica y un dise\u00f1o que facilita el uso desde el principio. S\u00f3lo hay que conectar este teclado con cable a una toma USB para empezar a usarlo.<\/p>\n","protected":false},"featured_media":3270,"template":"","meta":{"_acf_changed":false},"product_brand":[],"product_cat":[15,46,50],"product_tag":[],"class_list":{"0":"post-3268","1":"product","2":"type-product","3":"status-publish","4":"has-post-thumbnail","6":"product_cat-uncategorized","7":"product_cat-accesorios","8":"product_cat-teclados","10":"first","11":"instock","12":"taxable","13":"shipping-taxable","14":"purchasable","15":"product-type-simple"},"acf":[],"_links":{"self":[{"href":"https:\/\/sumin-nic.com\/index.php?rest_route=\/wp\/v2\/product\/3268","targetHints":{"allow":["GET"]}}],"collection":[{"href":"https:\/\/sumin-nic.com\/index.php?rest_route=\/wp\/v2\/product"}],"about":[{"href":"https:\/\/sumin-nic.com\/index.php?rest_route=\/wp\/v2\/types\/product"}],"wp:featuredmedia":[{"embeddable":true,"href":"https:\/\/sumin-nic.com\/index.php?rest_route=\/wp\/v2\/media\/3270"}],"wp:attachment":[{"href":"https:\/\/sumin-nic.com\/index.php?rest_route=%2Fwp%2Fv2%2Fmedia&parent=3268"}],"wp:term":[{"taxonomy":"product_brand","embeddable":true,"href":"https:\/\/sumin-nic.com\/index.php?rest_route=%2Fwp%2Fv2%2Fproduct_brand&post=3268"},{"taxonomy":"product_cat","embeddable":true,"href":"https:\/\/sumin-nic.com\/index.php?rest_route=%2Fwp%2Fv2%2Fproduct_cat&post=3268"},{"taxonomy":"product_tag","embeddable":true,"href":"https:\/\/sumin-nic.com\/index.php?rest_route=%2Fwp%2Fv2%2Fproduct_tag&post=3268"}],"curies":[{"name":"wp","href":"https:\/\/api.w.org\/{rel}","templated":true}]}}