{"id":3273,"date":"2026-04-18T16:35:47","date_gmt":"2026-04-18T16:35:47","guid":{"rendered":"https:\/\/sumin-nic.com\/?post_type=product&#038;p=3273"},"modified":"2026-04-18T16:35:47","modified_gmt":"2026-04-18T16:35:47","slug":"laptop-lenovo-r5-7520u-16gb-512gb-wh-82xq00mk","status":"publish","type":"product","link":"https:\/\/sumin-nic.com\/?product=laptop-lenovo-r5-7520u-16gb-512gb-wh-82xq00mk","title":{"rendered":"LAPTOP LENOVO R5-7520U\/16GB\/512GB WH 82XQ00MK"},"content":{"rendered":"<p>Aprovecha el rendimiento \u00e1gil gracias a sus procesadores m\u00f3viles AMDDisfruta de archivos multimedia enriquecidos en una pantalla n\u00edtida de 15\u2033 y Dolby Audio\u2122Sus puertos opcionales vers\u00e1tiles te permitir\u00e1n conectar todos tus perif\u00e9ricos favoritosLenovo AI Engine aprende tus h\u00e1bitos inform\u00e1ticos y hace que tu laptop funcione mejor<br \/>\nLa retroiluminaci\u00f3n del teclado y algunos puertos\/ranuras pueden ser opcionales o variar; colores sujetos a disponibilidad<\/p>\n","protected":false},"excerpt":{"rendered":"<p>Aprovecha el rendimiento \u00e1gil gracias a sus procesadores m\u00f3viles AMDDisfruta de archivos multimedia enriquecidos en una pantalla n\u00edtida de 15\u2033 y Dolby Audio\u2122Sus puertos opcionales vers\u00e1tiles te permitir\u00e1n conectar todos tus perif\u00e9ricos favoritosLenovo AI Engine aprende tus h\u00e1bitos inform\u00e1ticos y hace que tu laptop funcione mejor La retroiluminaci\u00f3n del teclado y algunos puertos\/ranuras pueden ser [&hellip;]<\/p>\n","protected":false},"featured_media":3274,"template":"","meta":{"_acf_changed":false},"product_brand":[],"product_cat":[69,70],"product_tag":[],"class_list":{"0":"post-3273","1":"product","2":"type-product","3":"status-publish","4":"has-post-thumbnail","6":"product_cat-computadoras","7":"product_cat-laptop","9":"first","10":"instock","11":"taxable","12":"shipping-taxable","13":"purchasable","14":"product-type-simple"},"acf":[],"_links":{"self":[{"href":"https:\/\/sumin-nic.com\/index.php?rest_route=\/wp\/v2\/product\/3273","targetHints":{"allow":["GET"]}}],"collection":[{"href":"https:\/\/sumin-nic.com\/index.php?rest_route=\/wp\/v2\/product"}],"about":[{"href":"https:\/\/sumin-nic.com\/index.php?rest_route=\/wp\/v2\/types\/product"}],"wp:featuredmedia":[{"embeddable":true,"href":"https:\/\/sumin-nic.com\/index.php?rest_route=\/wp\/v2\/media\/3274"}],"wp:attachment":[{"href":"https:\/\/sumin-nic.com\/index.php?rest_route=%2Fwp%2Fv2%2Fmedia&parent=3273"}],"wp:term":[{"taxonomy":"product_brand","embeddable":true,"href":"https:\/\/sumin-nic.com\/index.php?rest_route=%2Fwp%2Fv2%2Fproduct_brand&post=3273"},{"taxonomy":"product_cat","embeddable":true,"href":"https:\/\/sumin-nic.com\/index.php?rest_route=%2Fwp%2Fv2%2Fproduct_cat&post=3273"},{"taxonomy":"product_tag","embeddable":true,"href":"https:\/\/sumin-nic.com\/index.php?rest_route=%2Fwp%2Fv2%2Fproduct_tag&post=3273"}],"curies":[{"name":"wp","href":"https:\/\/api.w.org\/{rel}","templated":true}]}}