{"id":3275,"date":"2026-04-18T16:44:09","date_gmt":"2026-04-18T16:44:09","guid":{"rendered":"https:\/\/sumin-nic.com\/?post_type=product&#038;p=3275"},"modified":"2026-04-18T16:44:09","modified_gmt":"2026-04-18T16:44:09","slug":"laptop-lenovo-r3-7320u-8gb-512gb-wh-82xq00m8g","status":"publish","type":"product","link":"https:\/\/sumin-nic.com\/?product=laptop-lenovo-r3-7320u-8gb-512gb-wh-82xq00m8g","title":{"rendered":"LAPTOP LENOVO R3-7320U\/8GB\/512GB WH 82XQ00M8G"},"content":{"rendered":"<p>Procesador AMD Ryzen 3 7320U: integra cuatro n\u00facleos Zen 2 m\u00e1s antiguos (similares a la serie Ryzen 4000 como el Ryzen 3 4300U). Los n\u00facleos de la CPU registran desde 2,4 GHz (base) a 4,1 GHz (turbo de un solo n\u00facleo) y pueden usar cach\u00e9 L3 de 4 MB. Gracias a SMT\/Hyperthreading, la CPU puede trabajar en 8 hilos simult\u00e1neamente. El controlador de memoria integrado solo admite memoria LPDDR5 r\u00e1pida (5500 MHz m\u00e1x. ).<\/p>\n","protected":false},"excerpt":{"rendered":"<p>Procesador AMD Ryzen 3 7320U: integra cuatro n\u00facleos Zen 2 m\u00e1s antiguos (similares a la serie Ryzen 4000 como el Ryzen 3 4300U). Los n\u00facleos de la CPU registran desde 2,4 GHz (base) a 4,1 GHz (turbo de un solo n\u00facleo) y pueden usar cach\u00e9 L3 de 4 MB. Gracias a SMT\/Hyperthreading, la CPU puede [&hellip;]<\/p>\n","protected":false},"featured_media":3276,"template":"","meta":{"_acf_changed":false},"product_brand":[],"product_cat":[69,70],"product_tag":[],"class_list":{"0":"post-3275","1":"product","2":"type-product","3":"status-publish","4":"has-post-thumbnail","6":"product_cat-computadoras","7":"product_cat-laptop","9":"first","10":"instock","11":"taxable","12":"shipping-taxable","13":"purchasable","14":"product-type-simple"},"acf":[],"_links":{"self":[{"href":"https:\/\/sumin-nic.com\/index.php?rest_route=\/wp\/v2\/product\/3275","targetHints":{"allow":["GET"]}}],"collection":[{"href":"https:\/\/sumin-nic.com\/index.php?rest_route=\/wp\/v2\/product"}],"about":[{"href":"https:\/\/sumin-nic.com\/index.php?rest_route=\/wp\/v2\/types\/product"}],"wp:featuredmedia":[{"embeddable":true,"href":"https:\/\/sumin-nic.com\/index.php?rest_route=\/wp\/v2\/media\/3276"}],"wp:attachment":[{"href":"https:\/\/sumin-nic.com\/index.php?rest_route=%2Fwp%2Fv2%2Fmedia&parent=3275"}],"wp:term":[{"taxonomy":"product_brand","embeddable":true,"href":"https:\/\/sumin-nic.com\/index.php?rest_route=%2Fwp%2Fv2%2Fproduct_brand&post=3275"},{"taxonomy":"product_cat","embeddable":true,"href":"https:\/\/sumin-nic.com\/index.php?rest_route=%2Fwp%2Fv2%2Fproduct_cat&post=3275"},{"taxonomy":"product_tag","embeddable":true,"href":"https:\/\/sumin-nic.com\/index.php?rest_route=%2Fwp%2Fv2%2Fproduct_tag&post=3275"}],"curies":[{"name":"wp","href":"https:\/\/api.w.org\/{rel}","templated":true}]}}