{"id":3277,"date":"2026-04-18T16:49:09","date_gmt":"2026-04-18T16:49:09","guid":{"rendered":"https:\/\/sumin-nic.com\/?post_type=product&#038;p=3277"},"modified":"2026-04-18T16:49:09","modified_gmt":"2026-04-18T16:49:09","slug":"laptop-hp-r5-7520u-8gb-516gb-wh-b9tp1la","status":"publish","type":"product","link":"https:\/\/sumin-nic.com\/?product=laptop-hp-r5-7520u-8gb-516gb-wh-b9tp1la","title":{"rendered":"LAPTOP HP R5-7520U\/8GB\/516GB WH B9TP1LA"},"content":{"rendered":"<p>PROCESADOR: AMD Ryzen 5-7520u ofrece un rendimiento potente para multitarea, aplicaciones de productividad y tareas inform\u00e1ticas diarias<br \/>\nPantalla: la pantalla Full HD de 15,6 pulgadas proporciona im\u00e1genes n\u00edtidas y claras con colores vibrantes para una experiencia de visualizaci\u00f3n mejorada<br \/>\nAlmacenamiento y memoria: SSD r\u00e1pido de 512 GB para tiempos de arranque r\u00e1pidos y acceso a archivos, emparejado con 8 GB de RAM para una multitarea fluida<\/p>\n","protected":false},"excerpt":{"rendered":"<p>PROCESADOR: AMD Ryzen 5-7520u ofrece un rendimiento potente para multitarea, aplicaciones de productividad y tareas inform\u00e1ticas diarias Pantalla: la pantalla Full HD de 15,6 pulgadas proporciona im\u00e1genes n\u00edtidas y claras con colores vibrantes para una experiencia de visualizaci\u00f3n mejorada Almacenamiento y memoria: SSD r\u00e1pido de 512 GB para tiempos de arranque r\u00e1pidos y acceso a [&hellip;]<\/p>\n","protected":false},"featured_media":3278,"template":"","meta":{"_acf_changed":false},"product_brand":[],"product_cat":[69,70],"product_tag":[],"class_list":{"0":"post-3277","1":"product","2":"type-product","3":"status-publish","4":"has-post-thumbnail","6":"product_cat-computadoras","7":"product_cat-laptop","9":"first","10":"instock","11":"taxable","12":"shipping-taxable","13":"purchasable","14":"product-type-simple"},"acf":[],"_links":{"self":[{"href":"https:\/\/sumin-nic.com\/index.php?rest_route=\/wp\/v2\/product\/3277","targetHints":{"allow":["GET"]}}],"collection":[{"href":"https:\/\/sumin-nic.com\/index.php?rest_route=\/wp\/v2\/product"}],"about":[{"href":"https:\/\/sumin-nic.com\/index.php?rest_route=\/wp\/v2\/types\/product"}],"wp:featuredmedia":[{"embeddable":true,"href":"https:\/\/sumin-nic.com\/index.php?rest_route=\/wp\/v2\/media\/3278"}],"wp:attachment":[{"href":"https:\/\/sumin-nic.com\/index.php?rest_route=%2Fwp%2Fv2%2Fmedia&parent=3277"}],"wp:term":[{"taxonomy":"product_brand","embeddable":true,"href":"https:\/\/sumin-nic.com\/index.php?rest_route=%2Fwp%2Fv2%2Fproduct_brand&post=3277"},{"taxonomy":"product_cat","embeddable":true,"href":"https:\/\/sumin-nic.com\/index.php?rest_route=%2Fwp%2Fv2%2Fproduct_cat&post=3277"},{"taxonomy":"product_tag","embeddable":true,"href":"https:\/\/sumin-nic.com\/index.php?rest_route=%2Fwp%2Fv2%2Fproduct_tag&post=3277"}],"curies":[{"name":"wp","href":"https:\/\/api.w.org\/{rel}","templated":true}]}}