{"id":3283,"date":"2026-04-28T21:32:15","date_gmt":"2026-04-28T21:32:15","guid":{"rendered":"https:\/\/sumin-nic.com\/?post_type=product&#038;p=3283"},"modified":"2026-04-28T21:32:46","modified_gmt":"2026-04-28T21:32:46","slug":"audifono-cubitt-daidema-jr-blanco-ctancjr5","status":"publish","type":"product","link":"https:\/\/sumin-nic.com\/?product=audifono-cubitt-daidema-jr-blanco-ctancjr5","title":{"rendered":"AUDIFONO CUBITT DAIDEMA JR ROSADO CTANCJR5"},"content":{"rendered":"<p>Dise\u00f1o apto para ni\u00f1os: nuestros auriculares hechos a medida est\u00e1n dise\u00f1ados para ni\u00f1os, ofreciendo comodidad superior, durabilidad y un dise\u00f1o f\u00e1cil de usar perfecto para el hogar, la escuela y el uso de viaje<\/p>\n","protected":false},"excerpt":{"rendered":"<p>Dise\u00f1o apto para ni\u00f1os: nuestros auriculares hechos a medida est\u00e1n dise\u00f1ados para ni\u00f1os, ofreciendo comodidad superior, durabilidad y un dise\u00f1o f\u00e1cil de usar perfecto para el hogar, la escuela y el uso de viaje<\/p>\n","protected":false},"featured_media":3284,"template":"","meta":{"_acf_changed":false},"product_brand":[],"product_cat":[46,51],"product_tag":[],"class_list":{"0":"post-3283","1":"product","2":"type-product","3":"status-publish","4":"has-post-thumbnail","6":"product_cat-accesorios","7":"product_cat-audifonos","9":"first","10":"instock","11":"taxable","12":"shipping-taxable","13":"purchasable","14":"product-type-simple"},"acf":[],"_links":{"self":[{"href":"https:\/\/sumin-nic.com\/index.php?rest_route=\/wp\/v2\/product\/3283","targetHints":{"allow":["GET"]}}],"collection":[{"href":"https:\/\/sumin-nic.com\/index.php?rest_route=\/wp\/v2\/product"}],"about":[{"href":"https:\/\/sumin-nic.com\/index.php?rest_route=\/wp\/v2\/types\/product"}],"wp:featuredmedia":[{"embeddable":true,"href":"https:\/\/sumin-nic.com\/index.php?rest_route=\/wp\/v2\/media\/3284"}],"wp:attachment":[{"href":"https:\/\/sumin-nic.com\/index.php?rest_route=%2Fwp%2Fv2%2Fmedia&parent=3283"}],"wp:term":[{"taxonomy":"product_brand","embeddable":true,"href":"https:\/\/sumin-nic.com\/index.php?rest_route=%2Fwp%2Fv2%2Fproduct_brand&post=3283"},{"taxonomy":"product_cat","embeddable":true,"href":"https:\/\/sumin-nic.com\/index.php?rest_route=%2Fwp%2Fv2%2Fproduct_cat&post=3283"},{"taxonomy":"product_tag","embeddable":true,"href":"https:\/\/sumin-nic.com\/index.php?rest_route=%2Fwp%2Fv2%2Fproduct_tag&post=3283"}],"curies":[{"name":"wp","href":"https:\/\/api.w.org\/{rel}","templated":true}]}}