{"id":3302,"date":"2026-05-06T14:39:59","date_gmt":"2026-05-06T14:39:59","guid":{"rendered":"https:\/\/sumin-nic.com\/?post_type=product&#038;p=3302"},"modified":"2026-05-06T14:39:59","modified_gmt":"2026-05-06T14:39:59","slug":"plotter-surecolor-epson-t3170-sct3170sr","status":"publish","type":"product","link":"https:\/\/sumin-nic.com\/?product=plotter-surecolor-epson-t3170-sct3170sr","title":{"rendered":"PLOTTER SURECOLOR EPSON T3170 SCT3170SR"},"content":{"rendered":"<p>Inal\u00e1mbrica y de formato ancho de 24 pulgadas fue dise\u00f1ada para mejorar la forma en que trabajas y tiene un dise\u00f1o para escritorio compacto que te permite imprimir en forma r\u00e1pida, precisa y confiable con un dise\u00f1o compacto y elegante. Es ideal para imprimir planos, dibujos lineales y posters de hasta 24 pulgadas e imprime con precisi\u00f3n en tama\u00f1o A1\/D en solo 34 segundos1.<\/p>\n","protected":false},"excerpt":{"rendered":"<p>Inal\u00e1mbrica y de formato ancho de 24 pulgadas fue dise\u00f1ada para mejorar la forma en que trabajas y tiene un dise\u00f1o para escritorio compacto que te permite imprimir en forma r\u00e1pida, precisa y confiable con un dise\u00f1o compacto y elegante. Es ideal para imprimir planos, dibujos lineales y posters de hasta 24 pulgadas e imprime [&hellip;]<\/p>\n","protected":false},"featured_media":3303,"template":"","meta":{"_acf_changed":false},"product_brand":[],"product_cat":[72,75],"product_tag":[],"class_list":{"0":"post-3302","1":"product","2":"type-product","3":"status-publish","4":"has-post-thumbnail","6":"product_cat-equipos-de-impresiones","7":"product_cat-ploter","9":"first","10":"instock","11":"taxable","12":"shipping-taxable","13":"purchasable","14":"product-type-simple"},"acf":[],"_links":{"self":[{"href":"https:\/\/sumin-nic.com\/index.php?rest_route=\/wp\/v2\/product\/3302","targetHints":{"allow":["GET"]}}],"collection":[{"href":"https:\/\/sumin-nic.com\/index.php?rest_route=\/wp\/v2\/product"}],"about":[{"href":"https:\/\/sumin-nic.com\/index.php?rest_route=\/wp\/v2\/types\/product"}],"wp:featuredmedia":[{"embeddable":true,"href":"https:\/\/sumin-nic.com\/index.php?rest_route=\/wp\/v2\/media\/3303"}],"wp:attachment":[{"href":"https:\/\/sumin-nic.com\/index.php?rest_route=%2Fwp%2Fv2%2Fmedia&parent=3302"}],"wp:term":[{"taxonomy":"product_brand","embeddable":true,"href":"https:\/\/sumin-nic.com\/index.php?rest_route=%2Fwp%2Fv2%2Fproduct_brand&post=3302"},{"taxonomy":"product_cat","embeddable":true,"href":"https:\/\/sumin-nic.com\/index.php?rest_route=%2Fwp%2Fv2%2Fproduct_cat&post=3302"},{"taxonomy":"product_tag","embeddable":true,"href":"https:\/\/sumin-nic.com\/index.php?rest_route=%2Fwp%2Fv2%2Fproduct_tag&post=3302"}],"curies":[{"name":"wp","href":"https:\/\/api.w.org\/{rel}","templated":true}]}}