{"id":3306,"date":"2026-05-11T14:54:42","date_gmt":"2026-05-11T14:54:42","guid":{"rendered":"https:\/\/sumin-nic.com\/?post_type=product&#038;p=3306"},"modified":"2026-05-11T14:54:42","modified_gmt":"2026-05-11T14:54:42","slug":"plotter-surecolor-t3170x-epson-24","status":"publish","type":"product","link":"https:\/\/sumin-nic.com\/?product=plotter-surecolor-t3170x-epson-24","title":{"rendered":"PLOTTER SURECOLOR T3170X EPSON 24"},"content":{"rendered":"<p>Una impresora de formato ancho de 24 pulgadas que ofrece una calidad de impresi\u00f3n excepcional. Con su tecnolog\u00eda de inyecci\u00f3n de tinta de 4 colores y tintas UltraChrome XD2, esta impresora es capaz de imprimir im\u00e1genes y documentos en color con una precisi\u00f3n y nitidez impresionantes.Una de las caracter\u00edsticas destacadas de esta impresora es su conectividad inal\u00e1mbrica, que permite imprimir de forma f\u00e1cil y r\u00e1pida desde dispositivos m\u00f3viles y computadoras port\u00e1tiles sin la necesidad de cables.<\/p>\n","protected":false},"excerpt":{"rendered":"<p>Una impresora de formato ancho de 24 pulgadas que ofrece una calidad de impresi\u00f3n excepcional. Con su tecnolog\u00eda de inyecci\u00f3n de tinta de 4 colores y tintas UltraChrome XD2, esta impresora es capaz de imprimir im\u00e1genes y documentos en color con una precisi\u00f3n y nitidez impresionantes.Una de las caracter\u00edsticas destacadas de esta impresora es su [&hellip;]<\/p>\n","protected":false},"featured_media":3307,"template":"","meta":{"_acf_changed":false},"product_brand":[],"product_cat":[72,75],"product_tag":[],"class_list":{"0":"post-3306","1":"product","2":"type-product","3":"status-publish","4":"has-post-thumbnail","6":"product_cat-equipos-de-impresiones","7":"product_cat-ploter","9":"first","10":"instock","11":"taxable","12":"shipping-taxable","13":"purchasable","14":"product-type-simple"},"acf":[],"_links":{"self":[{"href":"https:\/\/sumin-nic.com\/index.php?rest_route=\/wp\/v2\/product\/3306","targetHints":{"allow":["GET"]}}],"collection":[{"href":"https:\/\/sumin-nic.com\/index.php?rest_route=\/wp\/v2\/product"}],"about":[{"href":"https:\/\/sumin-nic.com\/index.php?rest_route=\/wp\/v2\/types\/product"}],"wp:featuredmedia":[{"embeddable":true,"href":"https:\/\/sumin-nic.com\/index.php?rest_route=\/wp\/v2\/media\/3307"}],"wp:attachment":[{"href":"https:\/\/sumin-nic.com\/index.php?rest_route=%2Fwp%2Fv2%2Fmedia&parent=3306"}],"wp:term":[{"taxonomy":"product_brand","embeddable":true,"href":"https:\/\/sumin-nic.com\/index.php?rest_route=%2Fwp%2Fv2%2Fproduct_brand&post=3306"},{"taxonomy":"product_cat","embeddable":true,"href":"https:\/\/sumin-nic.com\/index.php?rest_route=%2Fwp%2Fv2%2Fproduct_cat&post=3306"},{"taxonomy":"product_tag","embeddable":true,"href":"https:\/\/sumin-nic.com\/index.php?rest_route=%2Fwp%2Fv2%2Fproduct_tag&post=3306"}],"curies":[{"name":"wp","href":"https:\/\/api.w.org\/{rel}","templated":true}]}}