{"id":541,"date":"2021-07-28T18:30:33","date_gmt":"2021-07-28T18:30:33","guid":{"rendered":"https:\/\/sumin-nic.com\/product\/teclado-mouse-logitec-usb-920-004428\/"},"modified":"2025-03-20T21:16:53","modified_gmt":"2025-03-20T21:16:53","slug":"teclado-mouse-logitec-usb-920-004428","status":"publish","type":"product","link":"https:\/\/sumin-nic.com\/?product=teclado-mouse-logitec-usb-920-004428","title":{"rendered":"TECLADO + MOUSE LOGITEC USB 920-004428"},"content":{"rendered":"<p>Conexi\u00f3n USB<br \/>\nSeguimiento \u00f3ptico de alta definici\u00f3n<br \/>\nCompatible Windows 10, Windows8, Windows7, Windows vista, Windows XP, Chrome OS, Linux Kernel 2.6+<\/p>\n","protected":false},"excerpt":{"rendered":"<p>Conexi\u00f3n USB Seguimiento \u00f3ptico de alta definici\u00f3n Compatible Windows 10, Windows8, Windows7, Windows vista, Windows XP, Chrome OS, Linux Kernel 2.6+<\/p>\n","protected":false},"featured_media":45,"template":"","meta":{"_acf_changed":false},"product_brand":[],"product_cat":[46,48],"product_tag":[],"class_list":{"0":"post-541","1":"product","2":"type-product","3":"status-publish","4":"has-post-thumbnail","6":"product_cat-accesorios","7":"product_cat-varios","9":"first","10":"instock","11":"taxable","12":"shipping-taxable","13":"purchasable","14":"product-type-simple"},"acf":[],"_links":{"self":[{"href":"https:\/\/sumin-nic.com\/index.php?rest_route=\/wp\/v2\/product\/541","targetHints":{"allow":["GET"]}}],"collection":[{"href":"https:\/\/sumin-nic.com\/index.php?rest_route=\/wp\/v2\/product"}],"about":[{"href":"https:\/\/sumin-nic.com\/index.php?rest_route=\/wp\/v2\/types\/product"}],"wp:featuredmedia":[{"embeddable":true,"href":"https:\/\/sumin-nic.com\/index.php?rest_route=\/wp\/v2\/media\/45"}],"wp:attachment":[{"href":"https:\/\/sumin-nic.com\/index.php?rest_route=%2Fwp%2Fv2%2Fmedia&parent=541"}],"wp:term":[{"taxonomy":"product_brand","embeddable":true,"href":"https:\/\/sumin-nic.com\/index.php?rest_route=%2Fwp%2Fv2%2Fproduct_brand&post=541"},{"taxonomy":"product_cat","embeddable":true,"href":"https:\/\/sumin-nic.com\/index.php?rest_route=%2Fwp%2Fv2%2Fproduct_cat&post=541"},{"taxonomy":"product_tag","embeddable":true,"href":"https:\/\/sumin-nic.com\/index.php?rest_route=%2Fwp%2Fv2%2Fproduct_tag&post=541"}],"curies":[{"name":"wp","href":"https:\/\/api.w.org\/{rel}","templated":true}]}}