{"id":549,"date":"2021-07-28T18:30:33","date_gmt":"2021-07-28T18:30:33","guid":{"rendered":"https:\/\/sumin-nic.com\/product\/teclado-usb-logitec-920-004422\/"},"modified":"2025-09-02T22:06:16","modified_gmt":"2025-09-02T22:06:16","slug":"teclado-usb-logitec-920-004422","status":"publish","type":"product","link":"https:\/\/sumin-nic.com\/?product=teclado-usb-logitec-920-004422","title":{"rendered":"TECLADO USB LOGITEC 920-004422"},"content":{"rendered":"<p>Interfaz USB<br \/>\nComptaible con Windows 10, Windows8, Windows 7, Windows Vista, Windows XP, Chrome OS, Linux kernel 2.6+<br \/>\nTeclas silenciosas de bajo perfil y dise\u00f1o est\u00e1ndar con teclas y teclado num\u00e9rico de tama\u00f1o completo.<\/p>\n","protected":false},"excerpt":{"rendered":"<p>Interfaz USB Comptaible con Windows 10, Windows8, Windows 7, Windows Vista, Windows XP, Chrome OS, Linux kernel 2.6+ Teclas silenciosas de bajo perfil y dise\u00f1o est\u00e1ndar con teclas y teclado num\u00e9rico de tama\u00f1o completo.<\/p>\n","protected":false},"featured_media":43,"template":"","meta":{"_acf_changed":false},"product_brand":[],"product_cat":[46,50],"product_tag":[],"class_list":{"0":"post-549","1":"product","2":"type-product","3":"status-publish","4":"has-post-thumbnail","6":"product_cat-accesorios","7":"product_cat-teclados","9":"first","10":"instock","11":"taxable","12":"shipping-taxable","13":"purchasable","14":"product-type-simple"},"acf":[],"_links":{"self":[{"href":"https:\/\/sumin-nic.com\/index.php?rest_route=\/wp\/v2\/product\/549","targetHints":{"allow":["GET"]}}],"collection":[{"href":"https:\/\/sumin-nic.com\/index.php?rest_route=\/wp\/v2\/product"}],"about":[{"href":"https:\/\/sumin-nic.com\/index.php?rest_route=\/wp\/v2\/types\/product"}],"wp:featuredmedia":[{"embeddable":true,"href":"https:\/\/sumin-nic.com\/index.php?rest_route=\/wp\/v2\/media\/43"}],"wp:attachment":[{"href":"https:\/\/sumin-nic.com\/index.php?rest_route=%2Fwp%2Fv2%2Fmedia&parent=549"}],"wp:term":[{"taxonomy":"product_brand","embeddable":true,"href":"https:\/\/sumin-nic.com\/index.php?rest_route=%2Fwp%2Fv2%2Fproduct_brand&post=549"},{"taxonomy":"product_cat","embeddable":true,"href":"https:\/\/sumin-nic.com\/index.php?rest_route=%2Fwp%2Fv2%2Fproduct_cat&post=549"},{"taxonomy":"product_tag","embeddable":true,"href":"https:\/\/sumin-nic.com\/index.php?rest_route=%2Fwp%2Fv2%2Fproduct_tag&post=549"}],"curies":[{"name":"wp","href":"https:\/\/api.w.org\/{rel}","templated":true}]}}