{"id":583,"date":"2021-07-28T18:30:40","date_gmt":"2021-07-28T18:30:40","guid":{"rendered":"https:\/\/sumin-nic.com\/product\/presentador-logitech-r400-910-001354\/"},"modified":"2025-03-20T20:54:31","modified_gmt":"2025-03-20T20:54:31","slug":"presentador-logitech-r400-910-001354","status":"publish","type":"product","link":"https:\/\/sumin-nic.com\/?product=presentador-logitech-r400-910-001354","title":{"rendered":"PRESENTADOR LOGITECH R400 910-001354"},"content":{"rendered":"<p>Tecnolog\u00eda inal\u00e1mbrica: Tecnolog\u00eda inal\u00e1mbrica de 2.4 GHz<\/p>\n","protected":false},"excerpt":{"rendered":"<p>Tecnolog\u00eda inal\u00e1mbrica: Tecnolog\u00eda inal\u00e1mbrica de 2.4 GHz<\/p>\n","protected":false},"featured_media":39,"template":"","meta":{"_acf_changed":false},"product_brand":[],"product_cat":[46,48],"product_tag":[],"class_list":{"0":"post-583","1":"product","2":"type-product","3":"status-publish","4":"has-post-thumbnail","6":"product_cat-accesorios","7":"product_cat-varios","9":"first","10":"instock","11":"taxable","12":"shipping-taxable","13":"purchasable","14":"product-type-simple"},"acf":[],"_links":{"self":[{"href":"https:\/\/sumin-nic.com\/index.php?rest_route=\/wp\/v2\/product\/583","targetHints":{"allow":["GET"]}}],"collection":[{"href":"https:\/\/sumin-nic.com\/index.php?rest_route=\/wp\/v2\/product"}],"about":[{"href":"https:\/\/sumin-nic.com\/index.php?rest_route=\/wp\/v2\/types\/product"}],"wp:featuredmedia":[{"embeddable":true,"href":"https:\/\/sumin-nic.com\/index.php?rest_route=\/wp\/v2\/media\/39"}],"wp:attachment":[{"href":"https:\/\/sumin-nic.com\/index.php?rest_route=%2Fwp%2Fv2%2Fmedia&parent=583"}],"wp:term":[{"taxonomy":"product_brand","embeddable":true,"href":"https:\/\/sumin-nic.com\/index.php?rest_route=%2Fwp%2Fv2%2Fproduct_brand&post=583"},{"taxonomy":"product_cat","embeddable":true,"href":"https:\/\/sumin-nic.com\/index.php?rest_route=%2Fwp%2Fv2%2Fproduct_cat&post=583"},{"taxonomy":"product_tag","embeddable":true,"href":"https:\/\/sumin-nic.com\/index.php?rest_route=%2Fwp%2Fv2%2Fproduct_tag&post=583"}],"curies":[{"name":"wp","href":"https:\/\/api.w.org\/{rel}","templated":true}]}}