{"id":588,"date":"2021-07-28T18:30:40","date_gmt":"2021-07-28T18:30:40","guid":{"rendered":"https:\/\/sumin-nic.com\/product\/teclado-klipx-kks050s-usb\/"},"modified":"2025-03-20T21:03:27","modified_gmt":"2025-03-20T21:03:27","slug":"teclado-klipx-kks050s-usb","status":"publish","type":"product","link":"https:\/\/sumin-nic.com\/?product=teclado-klipx-kks050s-usb","title":{"rendered":"TECLADO KLIPX KKS050S USB"},"content":{"rendered":"<p>Tipo: Teclado de tama\u00f1o natural en ingles<br \/>\nN\u00famero de controles: 103 teclas est\u00e1ndar<br \/>\nConectividad: USB<\/p>\n","protected":false},"excerpt":{"rendered":"<p>Tipo: Teclado de tama\u00f1o natural en ingles N\u00famero de controles: 103 teclas est\u00e1ndar Conectividad: USB<\/p>\n","protected":false},"featured_media":158,"template":"","meta":{"_acf_changed":false},"product_brand":[],"product_cat":[46,50],"product_tag":[],"class_list":{"0":"post-588","1":"product","2":"type-product","3":"status-publish","4":"has-post-thumbnail","6":"product_cat-accesorios","7":"product_cat-teclados","9":"first","10":"instock","11":"taxable","12":"shipping-taxable","13":"purchasable","14":"product-type-simple"},"acf":[],"_links":{"self":[{"href":"https:\/\/sumin-nic.com\/index.php?rest_route=\/wp\/v2\/product\/588","targetHints":{"allow":["GET"]}}],"collection":[{"href":"https:\/\/sumin-nic.com\/index.php?rest_route=\/wp\/v2\/product"}],"about":[{"href":"https:\/\/sumin-nic.com\/index.php?rest_route=\/wp\/v2\/types\/product"}],"wp:featuredmedia":[{"embeddable":true,"href":"https:\/\/sumin-nic.com\/index.php?rest_route=\/wp\/v2\/media\/158"}],"wp:attachment":[{"href":"https:\/\/sumin-nic.com\/index.php?rest_route=%2Fwp%2Fv2%2Fmedia&parent=588"}],"wp:term":[{"taxonomy":"product_brand","embeddable":true,"href":"https:\/\/sumin-nic.com\/index.php?rest_route=%2Fwp%2Fv2%2Fproduct_brand&post=588"},{"taxonomy":"product_cat","embeddable":true,"href":"https:\/\/sumin-nic.com\/index.php?rest_route=%2Fwp%2Fv2%2Fproduct_cat&post=588"},{"taxonomy":"product_tag","embeddable":true,"href":"https:\/\/sumin-nic.com\/index.php?rest_route=%2Fwp%2Fv2%2Fproduct_tag&post=588"}],"curies":[{"name":"wp","href":"https:\/\/api.w.org\/{rel}","templated":true}]}}