{"id":618,"date":"2021-07-28T18:30:47","date_gmt":"2021-07-28T18:30:47","guid":{"rendered":"https:\/\/sumin-nic.com\/product\/presentador-laser-maxell-dpl100-347943\/"},"modified":"2025-03-20T19:01:49","modified_gmt":"2025-03-20T19:01:49","slug":"presentador-laser-maxell-dpl100-347943","status":"publish","type":"product","link":"https:\/\/sumin-nic.com\/?product=presentador-laser-maxell-dpl100-347943","title":{"rendered":"PRESENTADOR LASER MAXELL DPL100 347943"},"content":{"rendered":"<p>Puntador inalambrico tipo l\u00e1piz con apuntador l\u00e1ser, perfecto para presentaciones. <\/p>\n<p>Funciona hasta 26 pies de distancia <\/p>\n<p>Pr\u00e1ctico dise\u00f1o tipo l\u00e1piz-apuntador <\/p>\n<p>Botones de avances y retrocesos <\/p>\n<p>Indicador LED rojo de bajo consumo <\/p>\n<p>Compatible con MAC y Windows <\/p>\n<p>Empaque incluye cord\u00f3n que funciona como collar y recibidor USB<\/p>\n","protected":false},"excerpt":{"rendered":"<p>Puntador inalambrico tipo l\u00e1piz con apuntador l\u00e1ser, perfecto para presentaciones. Funciona hasta 26 pies de distancia Pr\u00e1ctico dise\u00f1o tipo l\u00e1piz-apuntador Botones de avances y retrocesos Indicador LED rojo de bajo consumo Compatible con MAC y Windows Empaque incluye cord\u00f3n que funciona como collar y recibidor USB<\/p>\n","protected":false},"featured_media":70,"template":"","meta":{"_acf_changed":false},"product_brand":[],"product_cat":[46,48],"product_tag":[],"class_list":{"0":"post-618","1":"product","2":"type-product","3":"status-publish","4":"has-post-thumbnail","6":"product_cat-accesorios","7":"product_cat-varios","9":"first","10":"instock","11":"taxable","12":"shipping-taxable","13":"purchasable","14":"product-type-simple"},"acf":[],"_links":{"self":[{"href":"https:\/\/sumin-nic.com\/index.php?rest_route=\/wp\/v2\/product\/618","targetHints":{"allow":["GET"]}}],"collection":[{"href":"https:\/\/sumin-nic.com\/index.php?rest_route=\/wp\/v2\/product"}],"about":[{"href":"https:\/\/sumin-nic.com\/index.php?rest_route=\/wp\/v2\/types\/product"}],"wp:featuredmedia":[{"embeddable":true,"href":"https:\/\/sumin-nic.com\/index.php?rest_route=\/wp\/v2\/media\/70"}],"wp:attachment":[{"href":"https:\/\/sumin-nic.com\/index.php?rest_route=%2Fwp%2Fv2%2Fmedia&parent=618"}],"wp:term":[{"taxonomy":"product_brand","embeddable":true,"href":"https:\/\/sumin-nic.com\/index.php?rest_route=%2Fwp%2Fv2%2Fproduct_brand&post=618"},{"taxonomy":"product_cat","embeddable":true,"href":"https:\/\/sumin-nic.com\/index.php?rest_route=%2Fwp%2Fv2%2Fproduct_cat&post=618"},{"taxonomy":"product_tag","embeddable":true,"href":"https:\/\/sumin-nic.com\/index.php?rest_route=%2Fwp%2Fv2%2Fproduct_tag&post=618"}],"curies":[{"name":"wp","href":"https:\/\/api.w.org\/{rel}","templated":true}]}}