{"id":751,"date":"2021-07-28T18:31:11","date_gmt":"2021-07-28T18:31:11","guid":{"rendered":"https:\/\/sumin-nic.com\/product\/toner-canon-137\/"},"modified":"2025-03-20T14:42:07","modified_gmt":"2025-03-20T14:42:07","slug":"toner-canon-137","status":"publish","type":"product","link":"https:\/\/sumin-nic.com\/?product=toner-canon-137","title":{"rendered":"TONER CANON 137"},"content":{"rendered":"<p>Color de Impresion: Negro Tecnolog\u00eda de impresi\u00f3n: Impresi\u00f3n l\u00e1ser.<br \/>\nRendimiento: 2400 p\u00e1ginas.<br \/>\nTipo: Original.<br \/>\nCompatibilidad: MF212w, MF216n, MF227dw, MF229dw.<\/p>\n","protected":false},"excerpt":{"rendered":"<p>Color de Impresion: Negro Tecnolog\u00eda de impresi\u00f3n: Impresi\u00f3n l\u00e1ser. Rendimiento: 2400 p\u00e1ginas. Tipo: Original. Compatibilidad: MF212w, MF216n, MF227dw, MF229dw.<\/p>\n","protected":false},"featured_media":35,"template":"","meta":{"_acf_changed":false},"product_brand":[],"product_cat":[80,76],"product_tag":[],"class_list":{"0":"post-751","1":"product","2":"type-product","3":"status-publish","4":"has-post-thumbnail","6":"product_cat-canon-toner","7":"product_cat-toner","9":"first","10":"instock","11":"taxable","12":"shipping-taxable","13":"purchasable","14":"product-type-simple"},"acf":[],"_links":{"self":[{"href":"https:\/\/sumin-nic.com\/index.php?rest_route=\/wp\/v2\/product\/751","targetHints":{"allow":["GET"]}}],"collection":[{"href":"https:\/\/sumin-nic.com\/index.php?rest_route=\/wp\/v2\/product"}],"about":[{"href":"https:\/\/sumin-nic.com\/index.php?rest_route=\/wp\/v2\/types\/product"}],"wp:featuredmedia":[{"embeddable":true,"href":"https:\/\/sumin-nic.com\/index.php?rest_route=\/wp\/v2\/media\/35"}],"wp:attachment":[{"href":"https:\/\/sumin-nic.com\/index.php?rest_route=%2Fwp%2Fv2%2Fmedia&parent=751"}],"wp:term":[{"taxonomy":"product_brand","embeddable":true,"href":"https:\/\/sumin-nic.com\/index.php?rest_route=%2Fwp%2Fv2%2Fproduct_brand&post=751"},{"taxonomy":"product_cat","embeddable":true,"href":"https:\/\/sumin-nic.com\/index.php?rest_route=%2Fwp%2Fv2%2Fproduct_cat&post=751"},{"taxonomy":"product_tag","embeddable":true,"href":"https:\/\/sumin-nic.com\/index.php?rest_route=%2Fwp%2Fv2%2Fproduct_tag&post=751"}],"curies":[{"name":"wp","href":"https:\/\/api.w.org\/{rel}","templated":true}]}}