{"id":767,"date":"2021-07-28T18:31:14","date_gmt":"2021-07-28T18:31:14","guid":{"rendered":"https:\/\/sumin-nic.com\/product\/toner-hp-ce285a\/"},"modified":"2025-11-08T17:42:37","modified_gmt":"2025-11-08T17:42:37","slug":"toner-hp-ce285a","status":"publish","type":"product","link":"https:\/\/sumin-nic.com\/?product=toner-hp-ce285a","title":{"rendered":"TONER HP CE285A"},"content":{"rendered":"<p>Color: Negro Tecnolog\u00eda de Impresi\u00f3n: L\u00e1ser<br \/>\nRendimiento Aproximado: 1600 p\u00e1ginas<br \/>\nTipo: Laser cartridge \/ Toner<br \/>\nMarca: HP<br \/>\nC\u00f3digo: CE285A Equipos Compatibles:<\/p>\n<p>P1109 (CE656A)<br \/>\nP1109w Printer (CE662A)<br \/>\nP1102 (CE651A)<br \/>\nP1102w (CE657A)<br \/>\nP1102w (CE658A)<br \/>\nM1132 (CE847A)<br \/>\nM1212nf (CE841A)<br \/>\nM1217nfw (CE844A)<\/p>\n","protected":false},"excerpt":{"rendered":"<div id=\"ccs-logos\"><\/div>\n<div id=\"ccs-inline-content\"><\/div>\n<div id=\"ccs-explore-product\"><\/div>\n<p><script type='text\/javascript'>\nvar ccs_cc_args = ccs_cc_args || [];\n\/\/ HP Content Product Page\nccs_cc_args.push(['cpn', 'CPN']);\nccs_cc_args.push(['mf', 'HP']);\nccs_cc_args.push(['pn', 'CE285A']);\nccs_cc_args.push(['upcean', 'UPC_EAN_CODE']);\nccs_cc_args.push(['ccid', 'CATALOG_CODE']);\nccs_cc_args.push(['lang', 'es']);\nccs_cc_args.push(['market', 'NI']);\n(function () {\nvar o = ccs_cc_args; o.push(['_SKey', 'b54e6b95']); o.push(['_ZoneId', 'hp-auto-pp']);\nvar sc = document.createElement('script'); sc.type = 'text\/javascript'; sc.async = true;\nsc.src = ('https:' == document.location.protocol ? 'https:\/\/' : 'http:\/\/') + 'cdn.cs.1worldsync.com\/jsc\/h1ws.js';\nvar n = document.getElementsByTagName('script')[0]; n.parentNode.insertBefore(sc, n);\n})();\n<\/script><\/p>\n","protected":false},"featured_media":89,"template":"","meta":{"_acf_changed":false},"product_brand":[],"product_cat":[77,76],"product_tag":[],"class_list":{"0":"post-767","1":"product","2":"type-product","3":"status-publish","4":"has-post-thumbnail","6":"product_cat-hp-toner","7":"product_cat-toner","9":"first","10":"instock","11":"taxable","12":"shipping-taxable","13":"purchasable","14":"product-type-simple"},"acf":[],"_links":{"self":[{"href":"https:\/\/sumin-nic.com\/index.php?rest_route=\/wp\/v2\/product\/767","targetHints":{"allow":["GET"]}}],"collection":[{"href":"https:\/\/sumin-nic.com\/index.php?rest_route=\/wp\/v2\/product"}],"about":[{"href":"https:\/\/sumin-nic.com\/index.php?rest_route=\/wp\/v2\/types\/product"}],"wp:featuredmedia":[{"embeddable":true,"href":"https:\/\/sumin-nic.com\/index.php?rest_route=\/wp\/v2\/media\/89"}],"wp:attachment":[{"href":"https:\/\/sumin-nic.com\/index.php?rest_route=%2Fwp%2Fv2%2Fmedia&parent=767"}],"wp:term":[{"taxonomy":"product_brand","embeddable":true,"href":"https:\/\/sumin-nic.com\/index.php?rest_route=%2Fwp%2Fv2%2Fproduct_brand&post=767"},{"taxonomy":"product_cat","embeddable":true,"href":"https:\/\/sumin-nic.com\/index.php?rest_route=%2Fwp%2Fv2%2Fproduct_cat&post=767"},{"taxonomy":"product_tag","embeddable":true,"href":"https:\/\/sumin-nic.com\/index.php?rest_route=%2Fwp%2Fv2%2Fproduct_tag&post=767"}],"curies":[{"name":"wp","href":"https:\/\/api.w.org\/{rel}","templated":true}]}}