{"id":778,"date":"2021-07-28T18:31:14","date_gmt":"2021-07-28T18:31:14","guid":{"rendered":"https:\/\/sumin-nic.com\/product\/toner-hp-cf353a\/"},"modified":"2025-11-08T17:43:48","modified_gmt":"2025-11-08T17:43:48","slug":"toner-hp-cf353a","status":"publish","type":"product","link":"https:\/\/sumin-nic.com\/?product=toner-hp-cf353a","title":{"rendered":"TONER HP CF353A"},"content":{"rendered":"<p>Color de Impresion: Magenta Sku:CF353A Rendimiento 1000<br \/>\nRendimiento de la p\u00e1gina (color) 1.000 p\u00e1ginas Compatibilidad con hardware MFP HP LaserJet Pro Color serie M176, MFP HP LaserJet Pro Color serie M177 Pa\u00eds de origen Fabricado en Jap\u00f3n DIMENSIONES<br \/>\nDimensiones m\u00ednimas (anch. x prof. x alt.) 363 x 83 x 86 mm<br \/>\nDimensiones del embalaje (An x F x Al) 14.29 x 3.27 x 3.39&#8243;<br \/>\nDimensiones m\u00ednimas (anch. x prof. x alt.) 14.29 x 3.27 x 3.39&#8243;<br \/>\nDimensiones del embalaje (An x F x Al) 363 x 83 x 86 mm Peso del embalaje 1.1 lb<br \/>\nPeso del embalaje ~0,5 kg<br \/>\nPeso ~0,3 kg COLOR: Magenta<\/p>\n","protected":false},"excerpt":{"rendered":"<div id=\"ccs-logos\"><\/div>\n<div id=\"ccs-inline-content\"><\/div>\n<div id=\"ccs-explore-product\"><\/div>\n<p><script type='text\/javascript'>\nvar ccs_cc_args = ccs_cc_args || [];\n\/\/ HP Content Product Page\nccs_cc_args.push(['cpn', 'CPN']);\nccs_cc_args.push(['mf', 'HP']);\nccs_cc_args.push(['pn', 'CF353A']);\nccs_cc_args.push(['upcean', 'UPC_EAN_CODE']);\nccs_cc_args.push(['ccid', 'CATALOG_CODE']);\nccs_cc_args.push(['lang', 'es']);\nccs_cc_args.push(['market', 'NI']);\n(function () {\nvar o = ccs_cc_args; o.push(['_SKey', 'b54e6b95']); o.push(['_ZoneId', 'hp-auto-pp']);\nvar sc = document.createElement('script'); sc.type = 'text\/javascript'; sc.async = true;\nsc.src = ('https:' == document.location.protocol ? 'https:\/\/' : 'http:\/\/') + 'cdn.cs.1worldsync.com\/jsc\/h1ws.js';\nvar n = document.getElementsByTagName('script')[0]; n.parentNode.insertBefore(sc, n);\n})();\n<\/script><\/p>\n","protected":false},"featured_media":109,"template":"","meta":{"_acf_changed":false},"product_brand":[],"product_cat":[77,76],"product_tag":[],"class_list":{"0":"post-778","1":"product","2":"type-product","3":"status-publish","4":"has-post-thumbnail","6":"product_cat-hp-toner","7":"product_cat-toner","9":"first","10":"instock","11":"taxable","12":"shipping-taxable","13":"purchasable","14":"product-type-simple"},"acf":[],"_links":{"self":[{"href":"https:\/\/sumin-nic.com\/index.php?rest_route=\/wp\/v2\/product\/778","targetHints":{"allow":["GET"]}}],"collection":[{"href":"https:\/\/sumin-nic.com\/index.php?rest_route=\/wp\/v2\/product"}],"about":[{"href":"https:\/\/sumin-nic.com\/index.php?rest_route=\/wp\/v2\/types\/product"}],"wp:featuredmedia":[{"embeddable":true,"href":"https:\/\/sumin-nic.com\/index.php?rest_route=\/wp\/v2\/media\/109"}],"wp:attachment":[{"href":"https:\/\/sumin-nic.com\/index.php?rest_route=%2Fwp%2Fv2%2Fmedia&parent=778"}],"wp:term":[{"taxonomy":"product_brand","embeddable":true,"href":"https:\/\/sumin-nic.com\/index.php?rest_route=%2Fwp%2Fv2%2Fproduct_brand&post=778"},{"taxonomy":"product_cat","embeddable":true,"href":"https:\/\/sumin-nic.com\/index.php?rest_route=%2Fwp%2Fv2%2Fproduct_cat&post=778"},{"taxonomy":"product_tag","embeddable":true,"href":"https:\/\/sumin-nic.com\/index.php?rest_route=%2Fwp%2Fv2%2Fproduct_tag&post=778"}],"curies":[{"name":"wp","href":"https:\/\/api.w.org\/{rel}","templated":true}]}}